{"id":2316,"date":"2024-07-31T20:23:58","date_gmt":"2024-07-31T20:23:58","guid":{"rendered":"https:\/\/terranima.farm\/?page_id=2316"},"modified":"2024-08-08T14:59:29","modified_gmt":"2024-08-08T14:59:29","slug":"blog","status":"publish","type":"page","link":"https:\/\/terranima.farm\/it\/blog\/","title":{"rendered":"Blog"},"content":{"rendered":"<div data-elementor-type=\"wp-page\" data-elementor-id=\"2316\" class=\"elementor elementor-2316\" data-elementor-settings=\"{&quot;ha_cmc_init_switcher&quot;:&quot;no&quot;}\">\n\t\t\t\t<div class=\"elementor-element elementor-element-330edc6 e-flex e-con-boxed wpr-particle-no wpr-jarallax-no wpr-parallax-no wpr-sticky-section-no wpr-equal-height-no e-con e-parent\" data-id=\"330edc6\" data-element_type=\"container\" data-e-type=\"container\" data-settings=\"{&quot;_ha_eqh_enable&quot;:false}\">\n\t\t\t\t\t<div class=\"e-con-inner\">\n\t\t<div class=\"elementor-element elementor-element-3d0409a e-con-full e-flex wpr-particle-no wpr-jarallax-no wpr-parallax-no wpr-sticky-section-no wpr-equal-height-no e-con e-child\" data-id=\"3d0409a\" data-element_type=\"container\" data-e-type=\"container\" data-settings=\"{&quot;_ha_eqh_enable&quot;:false}\">\n\t\t\t\t<\/div>\n\t\t\t\t<div class=\"elementor-element elementor-element-8781096 tpg-wrapper-align-left section-title-style-style4 meta-visibility-show title_position_default title_hover_border_default title-default img_hover_animation_default meta_position_default readmore-btn-default-style grid-hover-overlay-type-always tpg-el-box-border-enable tpg-border-bottom-disable elementor-widget elementor-widget-tpg-grid-layout\" data-id=\"8781096\" data-element_type=\"widget\" data-e-type=\"widget\" data-widget_type=\"tpg-grid-layout.default\">\n\t\t\t\t<div class=\"elementor-widget-container\">\n\t\t\t\t\t\t\t<div class=\"rt-container-fluid rt-tpg-container tpg-el-main-wrapper clearfix grid-layout3-main\"\n\t\t\t id=\"rt-tpg-container-1157771600\"\n\t\t\t data-layout=\"grid-layout3\"\n\t\t\t data-grid-style=\"tpg-full-height\"\n\t\t\t data-sc-id=\"elementor\"\n\t\t\t data-el-settings=''\n\t\t\t data-el-query=''\n\t\t\t data-el-path=''\n\t\t>\n\t\t\t\t\t\t\t<div id=\"bottom-script-loader\" class=\"bottom-script-loader\">\n\t\t\t\t\t<div class=\"rt-ball-clip-rotate\">\n\t\t\t\t\t\t<div><\/div>\n\t\t\t\t\t<\/div>\n\t\t\t\t<\/div>\n\t\t\t\t\t\t\t<div class='tpg-header-wrapper'>\n\t\t\t\t\n        <div class=\"tpg-widget-heading-wrapper rt-clear heading-style4\">\n            <span class=\"tpg-widget-heading-line line-left\"><\/span>\n\t\t\t<h4 class='tpg-widget-heading'>\n\t\t\t\n\t\t\t\t<span class='prefix-text'><\/span>Blog<span class='suffix-text'><\/span>\n\t\t\t\t\t\t\t<\/h4>            <span class=\"tpg-widget-heading-line line-right\"><\/span>\n\n\t\t\t\n        <\/div>\n\n\t\t\n\t\t\t\t\t<\/div>\n\n\t\t\t<div data-title=\"Loading ...\" class=\"rt-row rt-content-loader grid-layout3 grid-behaviour tpg-full-height grid_layout_wrapper\">\n\t\t\t\t\n<div class=\"rt-col-md-4 rt-col-sm-6 rt-col-xs-12 default rt-grid-item\" data-id=\"4882\">\n\t<div class=\"rt-holder tpg-post-holder\">\n\t\t<div class=\"rt-detail rt-el-content-wrapper\">\n\t\t\t\t\t\t\t<div class=\"rt-img-holder tpg-el-image-wrap has-thumbnail\">\n\t\t\t\t\t<a data-id=\"4882\" href=\"https:\/\/terranima.farm\/it\/green-roots-festival-soil-people-and-the-seeds-of-regeneration\/\" class=\"tpg-post-link\" target=\"_self\">                        <img fetchpriority=\"high\" decoding=\"async\" src=\"https:\/\/terranima.farm\/wp-content\/uploads\/2024\/04\/DSC0586-768x548.jpg\"\n                             class=\"rt-img-responsive\"\n                             width=\"768\"\n                             height=\"548\"\n                             alt=\"Terranima Festival GReenroots\">\n\t\t\t\t\t\t\n\t\t\t\t\t\t\t\n\t\t<\/a>\n\t\t        <div class=\"overlay grid-hover-content\"><\/div>\n\t\t\t\t\t\t<\/div>\n\t\t\t\n\n\t\t\t<div class=\"entry-title-wrapper\"><h3 class=\"entry-title\"><a data-id=\"4882\" href=\"https:\/\/terranima.farm\/it\/green-roots-festival-soil-people-and-the-seeds-of-regeneration\/\" class=\"tpg-post-link\" target=\"_self\">Green Roots Festival: suolo, persone e semi di rigenerazione<\/a><\/h3><\/div>\n\t\t\t\t\t\t\t<div class=\"post-meta-tags rt-el-post-meta\">\n\t\t\t\t\t\t\t\t\t<\/div>\n\t\t\t\n\t\t\t\t\t\t\t<div class=\"tpg-excerpt tpg-el-excerpt\">\n\t\t\t\t\t\t\t\t\t\t\t<div class=\"tpg-excerpt-inner\">\n\t\t\t\t\t\t\tGreen Roots Festival: suolo, persone e semi di rigenerazione Badolato, Calabria \u2013 12 e 13 giugno 2025 Cosa succede quando si riuniscono agricoltori, orticoltori, sognatori e persone d\u2019azione da ogni angolo della Calabria?\t\t\t\t\t\t<\/div>\n\t\t\t\t\t\t\t\t\t\t\t\t\t\t<\/div>\n\t\t\t\n\t\t\t        <div class=\"post-footer\">\n            <div class=\"post-footer\">\n                <div class=\"read-more\">\n\t\t\t\t\t<a data-id=\"4882\" href=\"https:\/\/terranima.farm\/it\/green-roots-festival-soil-people-and-the-seeds-of-regeneration\/\" class=\"tpg-post-link\" target=\"_self\">Leggi di pi\u00f9<\/a>                <\/div>\n            <\/div>\n        <\/div>\n\t\t\t\t<\/div>\n\t<\/div>\n<\/div>\n\n<div class=\"rt-col-md-4 rt-col-sm-6 rt-col-xs-12 default rt-grid-item\" data-id=\"4846\">\n\t<div class=\"rt-holder tpg-post-holder\">\n\t\t<div class=\"rt-detail rt-el-content-wrapper\">\n\t\t\t\t\t\t\t<div class=\"rt-img-holder tpg-el-image-wrap has-thumbnail\">\n\t\t\t\t\t<a data-id=\"4846\" href=\"https:\/\/terranima.farm\/it\/southern-italy-speaks-farmers-share-hopes-and-worries-for-a-regenerative-future\/\" class=\"tpg-post-link\" target=\"_self\">                        <img decoding=\"async\" src=\"https:\/\/terranima.farm\/wp-content\/uploads\/2024\/09\/IMG_2355-768x576.jpg\"\n                             class=\"rt-img-responsive\"\n                             width=\"768\"\n                             height=\"576\"\n                             alt=\"Southern Italy Speaks: Farmers Share Hopes and Worries for a Regenerative Future\">\n\t\t\t\t\t\t\n\t\t\t\t\t\t\t\n\t\t<\/a>\n\t\t        <div class=\"overlay grid-hover-content\"><\/div>\n\t\t\t\t\t\t<\/div>\n\t\t\t\n\n\t\t\t<div class=\"entry-title-wrapper\"><h3 class=\"entry-title\"><a data-id=\"4846\" href=\"https:\/\/terranima.farm\/it\/southern-italy-speaks-farmers-share-hopes-and-worries-for-a-regenerative-future\/\" class=\"tpg-post-link\" target=\"_self\">Il Sud Italia si Racconta: Le Voci degli Agricoltori tra Speranze e Preoccupazioni per un Futuro Rigenerativo<\/a><\/h3><\/div>\n\t\t\t\t\t\t\t<div class=\"post-meta-tags rt-el-post-meta\">\n\t\t\t\t\t\t\t\t\t<\/div>\n\t\t\t\n\t\t\t\t\t\t\t<div class=\"tpg-excerpt tpg-el-excerpt\">\n\t\t\t\t\t\t\t\t\t\t\t<div class=\"tpg-excerpt-inner\">\n\t\t\t\t\t\t\tIl Sud Italia si Racconta: Le Voci degli Agricoltori tra Speranze e Preoccupazioni per un Futuro Rigenerativo Questo articolo nasce da un indagine realizzata nell'ambito di GreenRoots, un0iniziativa biennale co-finanziata dall'Unione Europea..\t\t\t\t\t\t<\/div>\n\t\t\t\t\t\t\t\t\t\t\t\t\t\t<\/div>\n\t\t\t\n\t\t\t        <div class=\"post-footer\">\n            <div class=\"post-footer\">\n                <div class=\"read-more\">\n\t\t\t\t\t<a data-id=\"4846\" href=\"https:\/\/terranima.farm\/it\/southern-italy-speaks-farmers-share-hopes-and-worries-for-a-regenerative-future\/\" class=\"tpg-post-link\" target=\"_self\">Leggi di pi\u00f9<\/a>                <\/div>\n            <\/div>\n        <\/div>\n\t\t\t\t<\/div>\n\t<\/div>\n<\/div>\n\n<div class=\"rt-col-md-4 rt-col-sm-6 rt-col-xs-12 default rt-grid-item\" data-id=\"1016\">\n\t<div class=\"rt-holder tpg-post-holder\">\n\t\t<div class=\"rt-detail rt-el-content-wrapper\">\n\t\t\t\t\t\t\t<div class=\"rt-img-holder tpg-el-image-wrap has-thumbnail\">\n\t\t\t\t\t<a data-id=\"1016\" href=\"https:\/\/terranima.farm\/it\/johnson-su-bioreactor\/\" class=\"tpg-post-link\" target=\"_self\">                        <img decoding=\"async\" src=\"https:\/\/terranima.farm\/wp-content\/uploads\/2024\/04\/IMG_6179-768x576.jpg\"\n                             class=\"rt-img-responsive\"\n                             width=\"768\"\n                             height=\"576\"\n                             alt=\"Advanced composting process &#8211; The Johnson-Su Bioreactor\">\n\t\t\t\t\t\t\n\t\t\t\t\t\t\t\n\t\t<\/a>\n\t\t        <div class=\"overlay grid-hover-content\"><\/div>\n\t\t\t\t\t\t<\/div>\n\t\t\t\n\n\t\t\t<div class=\"entry-title-wrapper\"><h3 class=\"entry-title\"><a data-id=\"1016\" href=\"https:\/\/terranima.farm\/it\/johnson-su-bioreactor\/\" class=\"tpg-post-link\" target=\"_self\">Tecnica di compostaggio avanzata - Il bioreattore Johnson-Su<\/a><\/h3><\/div>\n\t\t\t\t\t\t\t<div class=\"post-meta-tags rt-el-post-meta\">\n\t\t\t\t\t\t\t\t\t<\/div>\n\t\t\t\n\t\t\t\t\t\t\t<div class=\"tpg-excerpt tpg-el-excerpt\">\n\t\t\t\t\t\t\t\t\t\t\t<div class=\"tpg-excerpt-inner\">\n\t\t\t\t\t\t\tNel nostro impegno per produrre un compost altamente diversificato e ricco per rigenerare i nostri suoli, abbiamo adottato una tecnica avanzata chiamata \"Bioreattore Johnson-Su\". Spieghiamo come funziona e come fare per...\t\t\t\t\t\t<\/div>\n\t\t\t\t\t\t\t\t\t\t\t\t\t\t<\/div>\n\t\t\t\n\t\t\t        <div class=\"post-footer\">\n            <div class=\"post-footer\">\n                <div class=\"read-more\">\n\t\t\t\t\t<a data-id=\"1016\" href=\"https:\/\/terranima.farm\/it\/johnson-su-bioreactor\/\" class=\"tpg-post-link\" target=\"_self\">Leggi di pi\u00f9<\/a>                <\/div>\n            <\/div>\n        <\/div>\n\t\t\t\t<\/div>\n\t<\/div>\n<\/div>\n\n<div class=\"rt-col-md-4 rt-col-sm-6 rt-col-xs-12 default rt-grid-item\" data-id=\"967\">\n\t<div class=\"rt-holder tpg-post-holder\">\n\t\t<div class=\"rt-detail rt-el-content-wrapper\">\n\t\t\t\t\t\t\t<div class=\"rt-img-holder tpg-el-image-wrap has-thumbnail\">\n\t\t\t\t\t<a data-id=\"967\" href=\"https:\/\/terranima.farm\/it\/my-extra-virgin-olive-oil-has-lees-should-i-be-worried\/\" class=\"tpg-post-link\" target=\"_self\">                        <img loading=\"lazy\" decoding=\"async\" src=\"https:\/\/terranima.farm\/wp-content\/uploads\/2023\/12\/IMG_0261-768x576.jpg\"\n                             class=\"rt-img-responsive\"\n                             width=\"768\"\n                             height=\"576\"\n                             alt=\"My extra virgin olive oil has lees, should I be worried?\">\n\t\t\t\t\t\t\n\t\t\t\t\t\t\t\n\t\t<\/a>\n\t\t        <div class=\"overlay grid-hover-content\"><\/div>\n\t\t\t\t\t\t<\/div>\n\t\t\t\n\n\t\t\t<div class=\"entry-title-wrapper\"><h3 class=\"entry-title\"><a data-id=\"967\" href=\"https:\/\/terranima.farm\/it\/my-extra-virgin-olive-oil-has-lees-should-i-be-worried\/\" class=\"tpg-post-link\" target=\"_self\">Il mio olio Extra Vergine di Oliva ha dei sedimenti, devo preoccuparmi?<\/a><\/h3><\/div>\n\t\t\t\t\t\t\t<div class=\"post-meta-tags rt-el-post-meta\">\n\t\t\t\t\t\t\t\t\t<\/div>\n\t\t\t\n\t\t\t\t\t\t\t<div class=\"tpg-excerpt tpg-el-excerpt\">\n\t\t\t\t\t\t\t\t\t\t\t<div class=\"tpg-excerpt-inner\">\n\t\t\t\t\t\t\tIl nostro olio Extra Vergine di Oliva non \u00e8 filtrato. Per questo motivo, potrebbero esserci dei sedimenti o una sostanza gelatinosa sul fondo della bottiglia o del contenitore...\t\t\t\t\t\t<\/div>\n\t\t\t\t\t\t\t\t\t\t\t\t\t\t<\/div>\n\t\t\t\n\t\t\t        <div class=\"post-footer\">\n            <div class=\"post-footer\">\n                <div class=\"read-more\">\n\t\t\t\t\t<a data-id=\"967\" href=\"https:\/\/terranima.farm\/it\/my-extra-virgin-olive-oil-has-lees-should-i-be-worried\/\" class=\"tpg-post-link\" target=\"_self\">Leggi di pi\u00f9<\/a>                <\/div>\n            <\/div>\n        <\/div>\n\t\t\t\t<\/div>\n\t<\/div>\n<\/div>\n\n<div class=\"rt-col-md-4 rt-col-sm-6 rt-col-xs-12 default rt-grid-item\" data-id=\"969\">\n\t<div class=\"rt-holder tpg-post-holder\">\n\t\t<div class=\"rt-detail rt-el-content-wrapper\">\n\t\t\t\t\t\t\t<div class=\"rt-img-holder tpg-el-image-wrap has-thumbnail\">\n\t\t\t\t\t<a data-id=\"969\" href=\"https:\/\/terranima.farm\/it\/how-to-recognize-a-good-or-bad-olive-oil\/\" class=\"tpg-post-link\" target=\"_self\">                        <img loading=\"lazy\" decoding=\"async\" src=\"https:\/\/terranima.farm\/wp-content\/uploads\/2024\/08\/IMG_6037-768x576.jpg\"\n                             class=\"rt-img-responsive\"\n                             width=\"768\"\n                             height=\"576\"\n                             alt=\"How to recognize a good or bad olive oil?\">\n\t\t\t\t\t\t\n\t\t\t\t\t\t\t\n\t\t<\/a>\n\t\t        <div class=\"overlay grid-hover-content\"><\/div>\n\t\t\t\t\t\t<\/div>\n\t\t\t\n\n\t\t\t<div class=\"entry-title-wrapper\"><h3 class=\"entry-title\"><a data-id=\"969\" href=\"https:\/\/terranima.farm\/it\/how-to-recognize-a-good-or-bad-olive-oil\/\" class=\"tpg-post-link\" target=\"_self\">Come riconoscere un buon olio d'oliva?<\/a><\/h3><\/div>\n\t\t\t\t\t\t\t<div class=\"post-meta-tags rt-el-post-meta\">\n\t\t\t\t\t\t\t\t\t<\/div>\n\t\t\t\n\t\t\t\t\t\t\t<div class=\"tpg-excerpt tpg-el-excerpt\">\n\t\t\t\t\t\t\t\t\t\t\t<div class=\"tpg-excerpt-inner\">\n\t\t\t\t\t\t\tOgni anno ci impegniamo a migliorare la qualit\u00e0 del nostro olio Extra Vergine di Oliva. Grazie alle tecniche rigenerative, stiamo aumentando la quantit\u00e0 e la diversit\u00e0 di microrganismi nel suolo...\t\t\t\t\t\t<\/div>\n\t\t\t\t\t\t\t\t\t\t\t\t\t\t<\/div>\n\t\t\t\n\t\t\t        <div class=\"post-footer\">\n            <div class=\"post-footer\">\n                <div class=\"read-more\">\n\t\t\t\t\t<a data-id=\"969\" href=\"https:\/\/terranima.farm\/it\/how-to-recognize-a-good-or-bad-olive-oil\/\" class=\"tpg-post-link\" target=\"_self\">Leggi di pi\u00f9<\/a>                <\/div>\n            <\/div>\n        <\/div>\n\t\t\t\t<\/div>\n\t<\/div>\n<\/div>\n\n<div class=\"rt-col-md-4 rt-col-sm-6 rt-col-xs-12 default rt-grid-item\" data-id=\"948\">\n\t<div class=\"rt-holder tpg-post-holder\">\n\t\t<div class=\"rt-detail rt-el-content-wrapper\">\n\t\t\t\t\t\t\t<div class=\"rt-img-holder tpg-el-image-wrap has-thumbnail\">\n\t\t\t\t\t<a data-id=\"948\" href=\"https:\/\/terranima.farm\/it\/what-is-a-guild\/\" class=\"tpg-post-link\" target=\"_self\">                        <img loading=\"lazy\" decoding=\"async\" src=\"https:\/\/terranima.farm\/wp-content\/uploads\/2023\/06\/Screenshot-2024-12-13-at-12.23.00.png\"\n                             class=\"rt-img-responsive\"\n                             width=\"768\"\n                             height=\"576\"\n                             alt=\"What is a guild?\">\n\t\t\t\t\t\t\n\t\t\t\t\t\t\t\n\t\t<\/a>\n\t\t        <div class=\"overlay grid-hover-content\"><\/div>\n\t\t\t\t\t\t<\/div>\n\t\t\t\n\n\t\t\t<div class=\"entry-title-wrapper\"><h3 class=\"entry-title\"><a data-id=\"948\" href=\"https:\/\/terranima.farm\/it\/what-is-a-guild\/\" class=\"tpg-post-link\" target=\"_self\">Cos'\u00e8 una \"gilda\"?<\/a><\/h3><\/div>\n\t\t\t\t\t\t\t<div class=\"post-meta-tags rt-el-post-meta\">\n\t\t\t\t\t\t\t\t\t<\/div>\n\t\t\t\n\t\t\t\t\t\t\t<div class=\"tpg-excerpt tpg-el-excerpt\">\n\t\t\t\t\t\t\t\t\t\t\t<div class=\"tpg-excerpt-inner\">\n\t\t\t\t\t\t\tNella permacultura, una \"gilda\" si riferisce a un consociazione di piante, animali, funghi e altri elementi progettati e interconnessi in modo da lavorare insieme in modo sinergico, sostenibile e vantaggioso per tutti i componenti. Questo sistema \u00e8 creato per supportarsi a vicenda, promuovendo la biodiversit\u00e0, migliorando la salute del suolo e creando un ambiente equilibrato e auto-sostenibile.\t\t\t\t\t\t<\/div>\n\t\t\t\t\t\t\t\t\t\t\t\t\t\t<\/div>\n\t\t\t\n\t\t\t        <div class=\"post-footer\">\n            <div class=\"post-footer\">\n                <div class=\"read-more\">\n\t\t\t\t\t<a data-id=\"948\" href=\"https:\/\/terranima.farm\/it\/what-is-a-guild\/\" class=\"tpg-post-link\" target=\"_self\">Leggi di pi\u00f9<\/a>                <\/div>\n            <\/div>\n        <\/div>\n\t\t\t\t<\/div>\n\t<\/div>\n<\/div>\n\n<div class=\"rt-col-md-4 rt-col-sm-6 rt-col-xs-12 default rt-grid-item\" data-id=\"861\">\n\t<div class=\"rt-holder tpg-post-holder\">\n\t\t<div class=\"rt-detail rt-el-content-wrapper\">\n\t\t\t\t\t\t\t<div class=\"rt-img-holder tpg-el-image-wrap has-thumbnail\">\n\t\t\t\t\t<a data-id=\"861\" href=\"https:\/\/terranima.farm\/it\/building-composting-area\/\" class=\"tpg-post-link\" target=\"_self\">                        <img loading=\"lazy\" decoding=\"async\" src=\"https:\/\/terranima.farm\/wp-content\/uploads\/2024\/08\/IMG_0967-1-768x576.jpg\"\n                             class=\"rt-img-responsive\"\n                             width=\"768\"\n                             height=\"576\"\n                             alt=\"Building our composting area\">\n\t\t\t\t\t\t\n\t\t\t\t\t\t\t\n\t\t<\/a>\n\t\t        <div class=\"overlay grid-hover-content\"><\/div>\n\t\t\t\t\t\t<\/div>\n\t\t\t\n\n\t\t\t<div class=\"entry-title-wrapper\"><h3 class=\"entry-title\"><a data-id=\"861\" href=\"https:\/\/terranima.farm\/it\/building-composting-area\/\" class=\"tpg-post-link\" target=\"_self\">Costruire la nostra area di compostaggio<\/a><\/h3><\/div>\n\t\t\t\t\t\t\t<div class=\"post-meta-tags rt-el-post-meta\">\n\t\t\t\t\t\t\t\t\t<\/div>\n\t\t\t\n\t\t\t\t\t\t\t<div class=\"tpg-excerpt tpg-el-excerpt\">\n\t\t\t\t\t\t\t\t\t\t\t<div class=\"tpg-excerpt-inner\">\n\t\t\t\t\t\t\tLa produzione di compost \u00e8 al centro delle nostre pratiche rigenerative e avere uno spazio adeguato per produrlo \u00e8 stato un traguardo importante nel nostro percorso.\nTutto \u00e8 iniziato...\t\t\t\t\t\t<\/div>\n\t\t\t\t\t\t\t\t\t\t\t\t\t\t<\/div>\n\t\t\t\n\t\t\t        <div class=\"post-footer\">\n            <div class=\"post-footer\">\n                <div class=\"read-more\">\n\t\t\t\t\t<a data-id=\"861\" href=\"https:\/\/terranima.farm\/it\/building-composting-area\/\" class=\"tpg-post-link\" target=\"_self\">Leggi di pi\u00f9<\/a>                <\/div>\n            <\/div>\n        <\/div>\n\t\t\t\t<\/div>\n\t<\/div>\n<\/div>\n\t\t\t<\/div>\n\t\t\t\n\t\t<\/div>\n\t\t\t\t\t\t<\/div>\n\t\t\t\t<\/div>\n\t\t\t\t\t<\/div>\n\t\t\t\t<\/div>\n\t\t\t\t<\/div>","protected":false},"excerpt":{"rendered":"<p>Blog Posts Advanced composting process &#8211; The Johnson-Su Bioreactor In our endeavor to produce a highly diverse and rich compost for regenerating our soils, we have included an advanced technique called &#8221;Johnson-Su Bioreactor&#8221;. This composting method has&#8230; Read More My extra virgin olive oil has lees, should I be worried? No \ud83d\ude42 Our extra virgin olive oil is not filtered.&nbsp; This is the reason why there may be sediment or even a gelatinous substance at the bottom of the bottle or canister. Our olive oil is produced&#8230; Read More How to recognize a good or bad olive oil? Every year we aim to enhance the quality of our extra virgin olive oil. Through regenerative techniques, we are increasing the amount and diversity of microorganisms in the soil. We are improving the&#8230; Read More What is a guild? In permaculture, a guild refers to a carefully designed and interconnected group of plants, animals, fungi, and other elements that work together synergistically in a sustainable and productive&#8230; Read More Building our composting area Compost production is at the heart of our regenerative practices and having a proper space to produce it seemed an important milestone in our journey. It all started from the wish to professionalize&#8230; Read More Fighting the honey mushroom (Armillaria Mellea) In 2020, the biggest walnut tree on the land started to show some signs of weakness.&nbsp; We noticed that the bark was highly damaged by insects and through the premature autumn colouration and leaf&#8230; Read More Producing medicinal olive oil This year, 2021, we are happy to have harvested more than two tons of olives. Yeah! We feel very fortunate to have had the help of volunteers and friends who joined us and enjoyed this experience with&#8230; Read More Building an eco-friendly campsite In the following article, we\u2019ll walk you through the building process for our eco-friendly campsite. We have completed two super comfy and easy-to-service compost toilets aka \u201cthe temple of poo\u201d, two&#8230; Read More The carbon cycle of the olive tree In a healthy ecosystem (e.g. an untouched forest) nature has established an ongoing carbon cycle with a constant supply of dead organic matter (branches, leaves) falling to the ground where it is&#8230; Read More<\/p>","protected":false},"author":1,"featured_media":0,"parent":0,"menu_order":0,"comment_status":"closed","ping_status":"closed","template":"","meta":{"_uag_custom_page_level_css":"","site-sidebar-layout":"no-sidebar","site-content-layout":"page-builder","ast-site-content-layout":"full-width-container","site-content-style":"default","site-sidebar-style":"default","ast-global-header-display":"","ast-banner-title-visibility":"","ast-main-header-display":"","ast-hfb-above-header-display":"","ast-hfb-below-header-display":"","ast-hfb-mobile-header-display":"","site-post-title":"disabled","ast-breadcrumbs-content":"","ast-featured-img":"disabled","footer-sml-layout":"","theme-transparent-header-meta":"","adv-header-id-meta":"","stick-header-meta":"","header-above-stick-meta":"","header-main-stick-meta":"","header-below-stick-meta":"","astra-migrate-meta-layouts":"set","ast-page-background-enabled":"default","ast-page-background-meta":{"desktop":{"background-color":"var(--ast-global-color-4)","background-image":"","background-repeat":"repeat","background-position":"center center","background-size":"auto","background-attachment":"scroll","background-type":"","background-media":"","overlay-type":"","overlay-color":"","overlay-opacity":"","overlay-gradient":""},"tablet":{"background-color":"","background-image":"","background-repeat":"repeat","background-position":"center center","background-size":"auto","background-attachment":"scroll","background-type":"","background-media":"","overlay-type":"","overlay-color":"","overlay-opacity":"","overlay-gradient":""},"mobile":{"background-color":"","background-image":"","background-repeat":"repeat","background-position":"center center","background-size":"auto","background-attachment":"scroll","background-type":"","background-media":"","overlay-type":"","overlay-color":"","overlay-opacity":"","overlay-gradient":""}},"ast-content-background-meta":{"desktop":{"background-color":"var(--ast-global-color-5)","background-image":"","background-repeat":"repeat","background-position":"center center","background-size":"auto","background-attachment":"scroll","background-type":"","background-media":"","overlay-type":"","overlay-color":"","overlay-opacity":"","overlay-gradient":""},"tablet":{"background-color":"var(--ast-global-color-5)","background-image":"","background-repeat":"repeat","background-position":"center center","background-size":"auto","background-attachment":"scroll","background-type":"","background-media":"","overlay-type":"","overlay-color":"","overlay-opacity":"","overlay-gradient":""},"mobile":{"background-color":"var(--ast-global-color-5)","background-image":"","background-repeat":"repeat","background-position":"center center","background-size":"auto","background-attachment":"scroll","background-type":"","background-media":"","overlay-type":"","overlay-color":"","overlay-opacity":"","overlay-gradient":""}},"footnotes":""},"class_list":["post-2316","page","type-page","status-publish","hentry"],"uagb_featured_image_src":{"full":false,"thumbnail":false,"medium":false,"medium_large":false,"large":false,"1536x1536":false,"2048x2048":false,"trp-custom-language-flag":false},"uagb_author_info":{"display_name":"Terranima_Farm","author_link":"https:\/\/terranima.farm\/it\/author\/terranima_farm\/"},"uagb_comment_info":0,"uagb_excerpt":"Blog Posts Advanced composting process &#8211; The Johnson-Su Bioreactor In our endeavor to produce a highly diverse and rich compost for regenerating our soils, we have included an advanced technique called &#8221;Johnson-Su Bioreactor&#8221;. This composting method has&#8230; Read More My extra virgin olive oil has lees, should I be worried? No \ud83d\ude42 Our extra virgin&hellip;","jetpack_sharing_enabled":true,"rttpg_featured_image_url":null,"rttpg_author":{"display_name":"Terranima_Farm","author_link":"https:\/\/terranima.farm\/it\/author\/terranima_farm\/"},"rttpg_comment":0,"rttpg_category":"","rttpg_excerpt":"Blog Posts Advanced composting process &#8211; The Johnson-Su Bioreactor In our endeavor to produce a highly diverse and rich compost for regenerating our soils, we have included an advanced technique called &#8221;Johnson-Su Bioreactor&#8221;. This composting method has&#8230; Read More My extra virgin olive oil has lees, should I be worried? No \ud83d\ude42 Our extra virgin&hellip;","_links":{"self":[{"href":"https:\/\/terranima.farm\/it\/wp-json\/wp\/v2\/pages\/2316","targetHints":{"allow":["GET"]}}],"collection":[{"href":"https:\/\/terranima.farm\/it\/wp-json\/wp\/v2\/pages"}],"about":[{"href":"https:\/\/terranima.farm\/it\/wp-json\/wp\/v2\/types\/page"}],"author":[{"embeddable":true,"href":"https:\/\/terranima.farm\/it\/wp-json\/wp\/v2\/users\/1"}],"replies":[{"embeddable":true,"href":"https:\/\/terranima.farm\/it\/wp-json\/wp\/v2\/comments?post=2316"}],"version-history":[{"count":18,"href":"https:\/\/terranima.farm\/it\/wp-json\/wp\/v2\/pages\/2316\/revisions"}],"predecessor-version":[{"id":3021,"href":"https:\/\/terranima.farm\/it\/wp-json\/wp\/v2\/pages\/2316\/revisions\/3021"}],"wp:attachment":[{"href":"https:\/\/terranima.farm\/it\/wp-json\/wp\/v2\/media?parent=2316"}],"curies":[{"name":"wp","href":"https:\/\/api.w.org\/{rel}","templated":true}]}}